{"id":931,"date":"2020-11-10T08:23:16","date_gmt":"2020-11-10T08:23:16","guid":{"rendered":"http:\/\/tijelorijeci.com\/copy\/?page_id=931"},"modified":"2020-11-29T16:09:02","modified_gmt":"2020-11-29T16:09:02","slug":"dojmovi-polaznika","status":"publish","type":"page","link":"https:\/\/tijelorijeci.com\/copy\/dojmovi-polaznika\/","title":{"rendered":"Dojmovi polaznika"},"content":{"rendered":"\n<p><em>Hvala vam objema \u0161to ste me pokrenule. Ju\u010der sam vozila bicikl nakon 100 godina. I u Maksimir se spremam autom, kojeg sam se isto bojala voziti. Rije\u010d mi je le\u017eala, a pokret se otko\u010dio. Cure, otko\u010dile ste me. Naje\u017eile.Tko zna kamo \u0107e me odvesti ovaj vlak?!<\/em><br>Jadranka Gottlicher<\/p>\n\n\n\n<p><em>Meni je ovaj proces bio super inspirativan i zanimljiv. Hvala Josipa i Neva.<\/em><br>Ira Ferris<\/p>\n\n\n\n<p><em>Dragi sudionici, bila mi je \u010dast i zadovoljstvo. Gledala sam monumentalnog Tina Lemca koji \u010dita te\u010dno i jasno na\u0161e pjesme u samom sredi\u0161tu Zooma kojeg je ipak rije\u010d nadmudrila. Drago mi je kako se spontano okupila grupa oko Nevine i Josipine ve\u0107 izgra\u0111ene vizije i koncepta &#8220;je\u017eenja&#8221; na kojem dugo rade. I grupa je povezana, vjerujem da je to najvrednije \u0161to smo dobili.<\/em><br>Maja Gregl<\/p>\n\n\n\n<p><em>Radionica mi je bila zanimljiva jer sam iza\u0161la iz uobi\u010dajenih obrazaca kretanja, a pogotovo mi je novo bilo izra\u017eavanje rije\u010dju uz pokret. \u010cini mi se da sam uspjela prije\u0107i u prostor u kojemu sam se usu\u0111ivala ne\u0161to izgovoriti. Nakon radionice sam bila jako zadovoljna i zbog kretanja i zbog izlaska iz zone komfora i otvaranja novog podru\u010dja mogu\u0107nosti izra\u017eavanja.<\/em><br>Ana Zorica \u0160i\u0161<\/p>\n\n\n\n<p><em>Radionicu u Pazinu mogu opisati kao jedno katarzi\u010dno iskustvo. Do\u017eivjela sam neke stvari koje sam dugo dr\u017eala u sebi i prije nisam imala priliku izbaciti iz sebe<\/em>.&nbsp;<br>Nina Kamenjarin<\/p>\n\n\n\n<p><em>Prona\u0161ao sam novo iskustvo i nova poznanstva. Oti\u0161ao sam s novim idejama, sigurniji u sebe i u svoje stvaranje.<\/em>&nbsp;<br>Denis Vitalji\u0107<\/p>\n","protected":false},"excerpt":{"rendered":"<p>Hvala vam objema \u0161to ste me pokrenule. Ju\u010der sam vozila bicikl nakon 100 godina. I u Maksimir se spremam autom, kojeg sam se isto bojala&hellip;<\/p>\n","protected":false},"author":1,"featured_media":0,"parent":0,"menu_order":0,"comment_status":"closed","ping_status":"closed","template":"","meta":[],"_links":{"self":[{"href":"https:\/\/tijelorijeci.com\/copy\/wp-json\/wp\/v2\/pages\/931"}],"collection":[{"href":"https:\/\/tijelorijeci.com\/copy\/wp-json\/wp\/v2\/pages"}],"about":[{"href":"https:\/\/tijelorijeci.com\/copy\/wp-json\/wp\/v2\/types\/page"}],"author":[{"embeddable":true,"href":"https:\/\/tijelorijeci.com\/copy\/wp-json\/wp\/v2\/users\/1"}],"replies":[{"embeddable":true,"href":"https:\/\/tijelorijeci.com\/copy\/wp-json\/wp\/v2\/comments?post=931"}],"version-history":[{"count":5,"href":"https:\/\/tijelorijeci.com\/copy\/wp-json\/wp\/v2\/pages\/931\/revisions"}],"predecessor-version":[{"id":1487,"href":"https:\/\/tijelorijeci.com\/copy\/wp-json\/wp\/v2\/pages\/931\/revisions\/1487"}],"wp:attachment":[{"href":"https:\/\/tijelorijeci.com\/copy\/wp-json\/wp\/v2\/media?parent=931"}],"curies":[{"name":"wp","href":"https:\/\/api.w.org\/{rel}","templated":true}]}}