{"id":926,"date":"2020-11-10T08:20:02","date_gmt":"2020-11-10T08:20:02","guid":{"rendered":"http:\/\/tijelorijeci.com\/copy\/?page_id=926"},"modified":"2020-11-29T16:04:23","modified_gmt":"2020-11-29T16:04:23","slug":"o-nama-2","status":"publish","type":"page","link":"https:\/\/tijelorijeci.com\/copy\/o-nama-2\/","title":{"rendered":"O nama"},"content":{"rendered":"\n<h2 class=\"has-text-align-center\">TijeloRIJE\u010cI<\/h2>\n\n\n\n<p><\/p>\n\n\n\n<p>Knji\u017eevno -izvedbene radionice TijeloRIJE\u010cI postoje od 2015. godine. Kroz razli\u010dite teme bave se odnosom teksta i pokreta a tako\u0111er i tih odrednica u odnosu na dani ambijent. Usmjerene su poticanju kreativnosti i osna\u017eivanju sudionika. Polaznici pronalaze vlastiti autenti\u010dni izraz tijekom stvaranja knji\u017eevno-izvedbenog djela.&nbsp;<\/p>\n\n\n\n<p>TijeloRIJE\u010cI nastale su kao rezultat razgovora, razmjena i \u017eelje za otkrivanjem prostora izme\u0111u razli\u010ditih umjetni\u010dkih podru\u010dja, u ovom slu\u010daju knji\u017eevnosti i pokreta. Knji\u017eevnica Neva Luki\u0107 i performerica Josipa Buba\u0161 tako su zakora\u010dile u eksperimentalni proces vo\u0111enja radionice koja putem razli\u010ditih knji\u017eevnih i fizi\u010dkih vje\u017ebi sudionike vodi na introspektivno putovanje ka ravnote\u017ei duha i tijela.<\/p>\n\n\n\n<p>Radionice su prilago\u0111ene osobama razli\u010ditih uzrasta, od mla\u0111ih populacija, pa sve do tre\u0107e dobi. Od 2015. godine odr\u017eano je oko 13 radionica.<\/p>\n\n\n\n<p>Prva radionica odr\u017eana je u sklopu festivala Sedam dana stvaranja 2015. godine i istra\u017eivala je kako pokret i tekst nastaju iz danog konteksta \u2013 specifi\u010dnosti gradskog prostora (ulica, kafi\u0107, park, itd.) te fizi\u010dke i verbalne interakcije polaznika. Slijedile su radionice koje su osim osnovnog koncepta prou\u010davanja nastanka teksta i pokreta uklju\u010divale i likovnu dimenziju, a odr\u017eane su u muzejskim prostorima povodom specifi\u010dnih izlo\u017ebi (<em>Radovan Iv\u0161i\u0107: Nepokorena \u0161uma<\/em>, 2015., MSU i <em>Sedmo nebo- izbor iz zbirki MMSU-a<\/em>, Rijeka, 2016.). Potom, dvije radionice TijeloRIJE\u010cI-KNAP odr\u017eane su 2017. godine u sklopu programa Kulturnog centra Pe\u0161\u0107enice u suradnji s Domom za starije i nemo\u0107ne na Pe\u0161\u0107enici: prva radionica bila je namijenjena korisnicima Doma, a druga otvorena za gra\u0111anstvo. U sklopu radionice nastao je&nbsp;kratki dokumentarni film TijeloRIJE\u010cI koji je snimio i re\u017eirao Tomislav \u010cuveljak, a mo\u017ee se pogledati na ovome linku:<\/p>\n\n\n\n<figure class=\"wp-block-embed-vimeo wp-block-embed is-type-video is-provider-vimeo wp-embed-aspect-16-9 wp-has-aspect-ratio\"><div class=\"wp-block-embed__wrapper\">\n<iframe title=\"Tijelo Rije\u010di, radionica\" src=\"https:\/\/player.vimeo.com\/video\/256372729?dnt=1&amp;app_id=122963\" width=\"1170\" height=\"658\" frameborder=\"0\" allow=\"autoplay; fullscreen\" allowfullscreen><\/iframe>\n<\/div><\/figure>\n\n\n\n<p>Nakon spomenute suradnje s Domom za starije i nemo\u0107ne na Pe\u0161\u0107enici slijede projekti financirani iz Europskog socijalnog fonda kao dio ULUPUHOVA projekta Kreativni 54 + (2019.) te projekta Sukultura udruge Domino (2020.). Taj vid radionica se uvelike bavio knji\u017eevnim \u017eanrom bajke i distopijske literature. Na temelju odabranih bajki i pri\u010da\/odlomaka razli\u010ditih autora, polaznici su uz smjernice voditeljica stvarali vlastitu pri\u010du&nbsp;i njome nadahnutu koreografiju. Koreografija je u skladu s njihovim mogu\u0107nostima i do nje se dolazi putem vje\u017ebi osmi\u0161ljenih da potaknu imaginaciju. Polaznici imaju slobodu u stvaranju vlastitog teksta i pokreta. Voditeljice ove radionice djeluju vi\u0161e kao savjetnice i moderatorice, nastoje\u0107i prona\u0107i prikladan na\u010din rada za svaku osobu. Cilj radionice jest da polaznici spoje nastalu pri\u010du i koreografiju i potom pri\u010du ispripovijedaju kroz pokret. Ve\u0107ina radionica zavr\u0161ava prezentacijom nastalih radova polaznika pri \u010demu se osna\u017euje samopouzdanje sudionika.<\/p>\n\n\n\n<p>Radionice TijeloRIJE\u010cI odr\u017eavaju se u suradnji s razli\u010ditim partnerima &#8211; Sedam dana stvaranja Pazin, MSU Zagreb, KNAP, KUC Travno, MMSU Rijeka, HDP, ULUPUH, Ogulinski festival bajke, Domino, itd.<\/p>\n\n\n\n<h2 class=\"has-text-align-center\">Biografije voditeljica<\/h2>\n\n\n\n<p id=\"block-bd17460d-61da-4497-9462-17368157de99\"><strong><br><a href=\"https:\/\/croatian-literature.hr\/zzindex_sing_auth.php?tekst_id=602&amp;autor=1&amp;menu_id=7#\" target=\"_blank\" rel=\"noreferrer noopener\">Neva Luki\u0107<\/a><\/strong> spisateljica je i pjesnikinja ro\u0111ena u Zagrebu. Magistrirala je povijest umjetnosti i arheologiju u Zagrebu i Teoriju moderne i suvremene umjetnosti na sveu\u010dili\u0161tu Leiden u Nizozemskoj. Za zbirku poezije <em>Haljina Obscura <\/em>dobila je nagradu <em>Zdravko Pucak<\/em> za mlade pjesnike Matice hrvatske, Karlovac, 2010. godine. Pjesme i pri\u010de prevedene su joj na makedonski i engleski jezik. Sura\u0111uje i s drugim umjetnicima iz raznih umjetni\u010dkih podru\u010dja, npr. u suradnji s redateljicom Sarom Rajaei nastao je kratak eksperimentalan film <em>The Motel in the Well<\/em> (2016.). Objavljivala je poeziju i kratku prozu u raznim \u010dasopisima\/zbornicima te na radioteleviziji, a sudjelovala je i na razli\u010ditim \u010ditanjima\/festivalima poezije, proze ili filma.<br>Objavila je: <em>Je\u017eenja<\/em> (poezija, Fraktura, 2020.), <em>Travka preko oblaka <\/em>(slikovnica, Semafora, 2018.), <em>More i zaustavljene pri\u010de<\/em> (kratka proza, 2016.- HDP i 2018.- Tre\u0107i trg, Beograd)<strong>, <\/strong><em>Endless endings<\/em> (kratka proza, Bokeh, Leiden, 2018.), <em>Sjene sjemenki <\/em>(poezija, HDP, 2015.)<strong>, <\/strong><em>Haljina Obscura<\/em><strong>, <\/strong><em>Ljudi bez parka<\/em> (kratka proza, Knjigomat, 2009.). &nbsp;<\/p>\n\n\n\n<figure class=\"wp-block-gallery columns-3 is-cropped\"><ul class=\"blocks-gallery-grid\"><li class=\"blocks-gallery-item\"><figure><img loading=\"lazy\" width=\"960\" height=\"640\" src=\"http:\/\/tijelorijeci.com\/copy\/wp-content\/uploads\/2020\/11\/05.-Citanje-Pazin.jpg\" alt=\"\" data-id=\"1264\" data-full-url=\"http:\/\/tijelorijeci.com\/copy\/wp-content\/uploads\/2020\/11\/05.-Citanje-Pazin.jpg\" data-link=\"http:\/\/tijelorijeci.com\/copy\/05-citanje-pazin\/\" class=\"wp-image-1264\" srcset=\"https:\/\/tijelorijeci.com\/copy\/wp-content\/uploads\/2020\/11\/05.-Citanje-Pazin.jpg 960w, https:\/\/tijelorijeci.com\/copy\/wp-content\/uploads\/2020\/11\/05.-Citanje-Pazin-300x200.jpg 300w, https:\/\/tijelorijeci.com\/copy\/wp-content\/uploads\/2020\/11\/05.-Citanje-Pazin-768x512.jpg 768w\" sizes=\"(max-width: 960px) 100vw, 960px\" \/><figcaption class=\"blocks-gallery-item__caption\">Neva, 7DS<\/figcaption><\/figure><\/li><li class=\"blocks-gallery-item\"><figure><img loading=\"lazy\" width=\"1024\" height=\"683\" src=\"http:\/\/tijelorijeci.com\/copy\/wp-content\/uploads\/2020\/11\/Josipa-Rubberband-fotograf-Tomislav-Cuveljak-2-1024x683.jpg\" alt=\"\" data-id=\"1263\" data-full-url=\"http:\/\/tijelorijeci.com\/copy\/wp-content\/uploads\/2020\/11\/Josipa-Rubberband-fotograf-Tomislav-Cuveljak-2.jpg\" data-link=\"http:\/\/tijelorijeci.com\/copy\/josipa-rubberband-fotograf-tomislav-cuveljak-2\/\" class=\"wp-image-1263\" srcset=\"https:\/\/tijelorijeci.com\/copy\/wp-content\/uploads\/2020\/11\/Josipa-Rubberband-fotograf-Tomislav-Cuveljak-2-1024x683.jpg 1024w, https:\/\/tijelorijeci.com\/copy\/wp-content\/uploads\/2020\/11\/Josipa-Rubberband-fotograf-Tomislav-Cuveljak-2-300x200.jpg 300w, https:\/\/tijelorijeci.com\/copy\/wp-content\/uploads\/2020\/11\/Josipa-Rubberband-fotograf-Tomislav-Cuveljak-2-768x512.jpg 768w, https:\/\/tijelorijeci.com\/copy\/wp-content\/uploads\/2020\/11\/Josipa-Rubberband-fotograf-Tomislav-Cuveljak-2-980x654.jpg 980w, https:\/\/tijelorijeci.com\/copy\/wp-content\/uploads\/2020\/11\/Josipa-Rubberband-fotograf-Tomislav-Cuveljak-2.jpg 1028w\" sizes=\"(max-width: 1024px) 100vw, 1024px\" \/><figcaption class=\"blocks-gallery-item__caption\">Josipa, Rubberband<\/figcaption><\/figure><\/li><li class=\"blocks-gallery-item\"><figure><img loading=\"lazy\" width=\"1024\" height=\"683\" src=\"http:\/\/tijelorijeci.com\/copy\/wp-content\/uploads\/2020\/11\/DSC_0895-1024x683.jpg\" alt=\"\" data-id=\"1259\" data-full-url=\"http:\/\/tijelorijeci.com\/copy\/wp-content\/uploads\/2020\/11\/DSC_0895.jpg\" data-link=\"http:\/\/tijelorijeci.com\/copy\/dsc_0895\/\" class=\"wp-image-1259\" srcset=\"https:\/\/tijelorijeci.com\/copy\/wp-content\/uploads\/2020\/11\/DSC_0895-1024x683.jpg 1024w, https:\/\/tijelorijeci.com\/copy\/wp-content\/uploads\/2020\/11\/DSC_0895-300x200.jpg 300w, https:\/\/tijelorijeci.com\/copy\/wp-content\/uploads\/2020\/11\/DSC_0895-768x512.jpg 768w, https:\/\/tijelorijeci.com\/copy\/wp-content\/uploads\/2020\/11\/DSC_0895-980x654.jpg 980w, https:\/\/tijelorijeci.com\/copy\/wp-content\/uploads\/2020\/11\/DSC_0895.jpg 1028w\" sizes=\"(max-width: 1024px) 100vw, 1024px\" \/><figcaption class=\"blocks-gallery-item__caption\">Josipa i Neva<\/figcaption><\/figure><\/li><\/ul><\/figure>\n\n\n\n<p id=\"block-a4be7628-20b2-4bb9-9fc0-178538ba65a4\"><strong>Josipa Buba\u0161<\/strong>: \u010dlanica AICA-e, ULUPUH-a i UPUH-a i HZSU-a. Doktorirala je na Odsjeku za Interdisciplinarne humanisti\u010dke znanosti Sve\u010dili\u0161tu Zadru s temom Tjelesnost izvedbe i izvedba tjelesnosti. Kao izvo\u0111a\u010dica i koautorica sudjelovala u razli\u010ditim projektima (Pino Ivan\u010di\u0107, Vlasta Delimar, Isabelle Schad\/Sa\u0161a Bo\u017ei\u0107, Bruno Isakovi\u0107\/Mia Zaluhar, \u017deljko Drmi\u0107, Studio Artless itd.). Od 2012. godine bavi se i autorskim radom e (Bez naziva, HDLU, MSU, Perforacije festival; Bez naziva 2, Otvoreni atelje, ekscena; Unfolding, TASK Festival, Perforacije festival; Razmatanje\/Ponavljanje, Perforacije festival; Rubberband, Teatar &amp;amp;td; Prostori izmicanja, Inkubator umjetni\u010dkih praksi baziranih na naslje\u0111u socijalizma; Dozivanje, Festival prvih, KNAP, Horror Vacui, Muzej suvremene umjetnosti, Barutana festival, Osijek, MLU; Neljudsko, MM Centar, Zagreb). Objavljuje likovne kritike na HRA3, a objavljivala je i razli\u010ditim stru\u010dnim \u010dasopisima i na portalima, te sudjelovala na konferencijama. Kurirala je Performans Art Festival u Osijeku 2019. godine, a kao vanjska suradnica predavala je kolegij Povijest umjetnosti na ADU.<\/p>\n\n\n\n<p id=\"block-bf8a494b-fc50-4f60-a810-1309f514699f\">Intervju s voditeljicama o radionicama TijeloRIJE\u010cI tijekom pandemije Covid19 mo\u017eete poslu\u0161ati na ovome<strong> <a rel=\"noreferrer noopener\" href=\"https:\/\/www.artemisprojects.com.au\/conversations\/podcast-josipa-bubas-neva-lukic\" target=\"_blank\">LINKU<\/a><\/strong><\/p>\n","protected":false},"excerpt":{"rendered":"<p>TijeloRIJE\u010cI Knji\u017eevno -izvedbene radionice TijeloRIJE\u010cI postoje od 2015. godine. Kroz razli\u010dite teme bave se odnosom teksta i pokreta a tako\u0111er i tih odrednica u odnosu&hellip;<\/p>\n","protected":false},"author":1,"featured_media":780,"parent":0,"menu_order":0,"comment_status":"closed","ping_status":"closed","template":"","meta":[],"_links":{"self":[{"href":"https:\/\/tijelorijeci.com\/copy\/wp-json\/wp\/v2\/pages\/926"}],"collection":[{"href":"https:\/\/tijelorijeci.com\/copy\/wp-json\/wp\/v2\/pages"}],"about":[{"href":"https:\/\/tijelorijeci.com\/copy\/wp-json\/wp\/v2\/types\/page"}],"author":[{"embeddable":true,"href":"https:\/\/tijelorijeci.com\/copy\/wp-json\/wp\/v2\/users\/1"}],"replies":[{"embeddable":true,"href":"https:\/\/tijelorijeci.com\/copy\/wp-json\/wp\/v2\/comments?post=926"}],"version-history":[{"count":11,"href":"https:\/\/tijelorijeci.com\/copy\/wp-json\/wp\/v2\/pages\/926\/revisions"}],"predecessor-version":[{"id":1268,"href":"https:\/\/tijelorijeci.com\/copy\/wp-json\/wp\/v2\/pages\/926\/revisions\/1268"}],"wp:featuredmedia":[{"embeddable":true,"href":"https:\/\/tijelorijeci.com\/copy\/wp-json\/wp\/v2\/media\/780"}],"wp:attachment":[{"href":"https:\/\/tijelorijeci.com\/copy\/wp-json\/wp\/v2\/media?parent=926"}],"curies":[{"name":"wp","href":"https:\/\/api.w.org\/{rel}","templated":true}]}}