{"id":921,"date":"2020-11-10T08:18:39","date_gmt":"2020-11-10T08:18:39","guid":{"rendered":"http:\/\/tijelorijeci.com\/copy\/?page_id=921"},"modified":"2020-11-29T16:06:27","modified_gmt":"2020-11-29T16:06:27","slug":"zasto-kako-za-koga-2","status":"publish","type":"page","link":"https:\/\/tijelorijeci.com\/copy\/zasto-kako-za-koga-2\/","title":{"rendered":"Za\u0161to\/Kako\/Za koga"},"content":{"rendered":"\n<h2 class=\"has-text-align-center\"><strong>ZA\u0160TO<\/strong><\/h2>\n\n\n\n<p><\/p>\n\n\n\n<p>TijeloRIJE\u010cI poti\u010de ma\u0161tovitost kroz tekst i pokret, daje tematski okvir i nudi razli\u010dite na\u010dine stvaranja vlastitog umjetni\u010dkog izraza, nagla\u0161avaju\u0107i povezanost ta dva medija i jedinstvo stvarala\u010dkog procesa. Stvara se kreativni, sigurni ambijent u kojemu mo\u017eemo eksperimentirati, igrati se, istra\u017eivati, pogrije\u0161iti i nadograditi, u kojem upoznajemo sebe i druge. Povezujemo se s vlastitim i tu\u0111im potencijalom, pro\u0161irujemo postoje\u0107e i stvaramo nove svjetove. Kreativnost je osnova rasta, znati\u017eelja je eliksir, inspiracija je dostupna svima, samo ju treba prizvati!<\/p>\n\n\n\n<figure class=\"wp-block-gallery columns-3 is-cropped\"><ul class=\"blocks-gallery-grid\"><li class=\"blocks-gallery-item\"><figure><img loading=\"lazy\" width=\"900\" height=\"598\" src=\"http:\/\/tijelorijeci.com\/copy\/wp-content\/uploads\/2020\/11\/13.-Foto-Ksenija-Spanec.jpg\" alt=\"\" data-id=\"1036\" data-full-url=\"http:\/\/tijelorijeci.com\/copy\/wp-content\/uploads\/2020\/11\/13.-Foto-Ksenija-Spanec.jpg\" data-link=\"http:\/\/tijelorijeci.com\/copy\/portfolio\/legende-gornjeg-grada\/13-foto-ksenija-spanec\/\" class=\"wp-image-1036\" srcset=\"https:\/\/tijelorijeci.com\/copy\/wp-content\/uploads\/2020\/11\/13.-Foto-Ksenija-Spanec.jpg 900w, https:\/\/tijelorijeci.com\/copy\/wp-content\/uploads\/2020\/11\/13.-Foto-Ksenija-Spanec-300x199.jpg 300w, https:\/\/tijelorijeci.com\/copy\/wp-content\/uploads\/2020\/11\/13.-Foto-Ksenija-Spanec-768x510.jpg 768w\" sizes=\"(max-width: 900px) 100vw, 900px\" \/><figcaption class=\"blocks-gallery-item__caption\">Radionica HDP, foto Ksenija \u0160panec<\/figcaption><\/figure><\/li><li class=\"blocks-gallery-item\"><figure><img loading=\"lazy\" width=\"1024\" height=\"683\" src=\"http:\/\/tijelorijeci.com\/copy\/wp-content\/uploads\/2020\/11\/11888568_684142585049738_4751746740123918294_o-1024x683.jpg\" alt=\"\" data-id=\"780\" data-full-url=\"http:\/\/tijelorijeci.com\/copy\/wp-content\/uploads\/2020\/11\/11888568_684142585049738_4751746740123918294_o.jpg\" data-link=\"http:\/\/tijelorijeci.com\/copy\/11888568_684142585049738_4751746740123918294_o\/\" class=\"wp-image-780\" srcset=\"https:\/\/tijelorijeci.com\/copy\/wp-content\/uploads\/2020\/11\/11888568_684142585049738_4751746740123918294_o-1024x683.jpg 1024w, https:\/\/tijelorijeci.com\/copy\/wp-content\/uploads\/2020\/11\/11888568_684142585049738_4751746740123918294_o-300x200.jpg 300w, https:\/\/tijelorijeci.com\/copy\/wp-content\/uploads\/2020\/11\/11888568_684142585049738_4751746740123918294_o-768x512.jpg 768w, https:\/\/tijelorijeci.com\/copy\/wp-content\/uploads\/2020\/11\/11888568_684142585049738_4751746740123918294_o-980x653.jpg 980w, https:\/\/tijelorijeci.com\/copy\/wp-content\/uploads\/2020\/11\/11888568_684142585049738_4751746740123918294_o.jpg 1296w\" sizes=\"(max-width: 1024px) 100vw, 1024px\" \/><figcaption class=\"blocks-gallery-item__caption\">7DS<\/figcaption><\/figure><\/li><li class=\"blocks-gallery-item\"><figure><img loading=\"lazy\" width=\"1024\" height=\"683\" src=\"http:\/\/tijelorijeci.com\/copy\/wp-content\/uploads\/2019\/01\/IMG_0007-1024x683.jpg\" alt=\"\" data-id=\"734\" data-full-url=\"http:\/\/tijelorijeci.com\/copy\/wp-content\/uploads\/2019\/01\/IMG_0007-scaled.jpg\" data-link=\"http:\/\/tijelorijeci.com\/copy\/portfolio\/knap__trashed\/img_0007\/\" class=\"wp-image-734\" srcset=\"https:\/\/tijelorijeci.com\/copy\/wp-content\/uploads\/2019\/01\/IMG_0007-1024x683.jpg 1024w, https:\/\/tijelorijeci.com\/copy\/wp-content\/uploads\/2019\/01\/IMG_0007-300x200.jpg 300w, https:\/\/tijelorijeci.com\/copy\/wp-content\/uploads\/2019\/01\/IMG_0007-768x512.jpg 768w, https:\/\/tijelorijeci.com\/copy\/wp-content\/uploads\/2019\/01\/IMG_0007-1536x1024.jpg 1536w, https:\/\/tijelorijeci.com\/copy\/wp-content\/uploads\/2019\/01\/IMG_0007-2048x1365.jpg 2048w, https:\/\/tijelorijeci.com\/copy\/wp-content\/uploads\/2019\/01\/IMG_0007-980x653.jpg 980w\" sizes=\"(max-width: 1024px) 100vw, 1024px\" \/><figcaption class=\"blocks-gallery-item__caption\">Radionica MSU, foto KSenija \u0160panec<\/figcaption><\/figure><\/li><\/ul><\/figure>\n\n\n\n<p><\/p>\n\n\n\n<p><\/p>\n\n\n\n<p><\/p>\n\n\n\n<p><\/p>\n\n\n\n<h2 class=\"has-text-align-center\"><strong>KAKO<\/strong><\/h2>\n\n\n\n<p><strong>Detaljne upute o tome kako funkcionira radionica mo\u017eete pro\u010ditati na ovome<a rel=\"noreferrer noopener\" href=\"https:\/\/kreativni54plusulupuh.wordpress.com\/prirucnik\/tijelo-rijeci-pisanje-i-izvedba-vlastitih-bajki-uz-meditativne-vjezbe\/\" target=\"_blank\"> linku<\/a><\/strong>.<\/p>\n\n\n\n<p>Na radionici nastaju <strong>tekst<\/strong> i <strong>pokret <\/strong>koji se potom kroz <strong>pripovijedanje <\/strong>intergriraju u jedinstveno knji\u017eevno-izvedbeno djelo. Primjerice, polaznik napi\u0161e bajku, potom kreira sekvencu koreografije, naposljetku se bajka i koreografija spoje na na\u010din da polaznik tu bajku ispripovijeda kroz pokret. <strong>Zavr\u0161na prezentacija<\/strong> polaznike stavlja u dijalog s publikom \u0161to im osna\u017euje samopouzdanje.<br>Radionica uklju\u010duje gra\u0111enje grupnog osje\u0107aja povjerenja, no velikim se dijelom zasniva na individualnom radu. I pokret i tekst kreiraju polaznici, uz mentorstvo voditeljica,<br>Tako\u0111er, unutar mentoriranog procesa polaznici jedni drugima daju komentare na nastale radove, na taj na\u010din u\u010de\u0107i jedni od drugih, odnosno postaju\u0107i aktivnim komentatorima i sukreatorima dramaturgije zavr\u0161ne prezentacije.<\/p>\n\n\n\n<figure class=\"wp-block-gallery columns-3 is-cropped\"><ul class=\"blocks-gallery-grid\"><li class=\"blocks-gallery-item\"><figure><img loading=\"lazy\" width=\"900\" height=\"598\" src=\"http:\/\/tijelorijeci.com\/copy\/wp-content\/uploads\/2020\/11\/DSC_0040.jpg\" alt=\"\" data-id=\"783\" data-full-url=\"http:\/\/tijelorijeci.com\/copy\/wp-content\/uploads\/2020\/11\/DSC_0040.jpg\" data-link=\"http:\/\/tijelorijeci.com\/copy\/dsc_0040\/\" class=\"wp-image-783\" srcset=\"https:\/\/tijelorijeci.com\/copy\/wp-content\/uploads\/2020\/11\/DSC_0040.jpg 900w, https:\/\/tijelorijeci.com\/copy\/wp-content\/uploads\/2020\/11\/DSC_0040-300x199.jpg 300w, https:\/\/tijelorijeci.com\/copy\/wp-content\/uploads\/2020\/11\/DSC_0040-768x510.jpg 768w\" sizes=\"(max-width: 900px) 100vw, 900px\" \/><figcaption class=\"blocks-gallery-item__caption\"><br>Radionica HDP, foto Ksenija \u0160panec<\/figcaption><\/figure><\/li><li class=\"blocks-gallery-item\"><figure><img loading=\"lazy\" width=\"900\" height=\"598\" src=\"http:\/\/tijelorijeci.com\/copy\/wp-content\/uploads\/2020\/11\/11.-Foto-Ksenija-Spanec.jpg\" alt=\"\" data-id=\"1037\" data-full-url=\"http:\/\/tijelorijeci.com\/copy\/wp-content\/uploads\/2020\/11\/11.-Foto-Ksenija-Spanec.jpg\" data-link=\"http:\/\/tijelorijeci.com\/copy\/portfolio\/legende-gornjeg-grada\/11-foto-ksenija-spanec\/\" class=\"wp-image-1037\" srcset=\"https:\/\/tijelorijeci.com\/copy\/wp-content\/uploads\/2020\/11\/11.-Foto-Ksenija-Spanec.jpg 900w, https:\/\/tijelorijeci.com\/copy\/wp-content\/uploads\/2020\/11\/11.-Foto-Ksenija-Spanec-300x199.jpg 300w, https:\/\/tijelorijeci.com\/copy\/wp-content\/uploads\/2020\/11\/11.-Foto-Ksenija-Spanec-768x510.jpg 768w\" sizes=\"(max-width: 900px) 100vw, 900px\" \/><figcaption class=\"blocks-gallery-item__caption\">Radionica HDP, foto Ksenija \u0160panec<\/figcaption><\/figure><\/li><li class=\"blocks-gallery-item\"><figure><img loading=\"lazy\" width=\"1024\" height=\"682\" src=\"http:\/\/tijelorijeci.com\/copy\/wp-content\/uploads\/2019\/01\/BAJKA-I-POKRET-STARIJI-10-1024x682.jpg\" alt=\"\" data-id=\"749\" data-full-url=\"http:\/\/tijelorijeci.com\/copy\/wp-content\/uploads\/2019\/01\/BAJKA-I-POKRET-STARIJI-10.jpg\" data-link=\"http:\/\/tijelorijeci.com\/copy\/portfolio\/kuc-travno__trashed\/bajka-i-pokret-stariji-10\/\" class=\"wp-image-749\" srcset=\"https:\/\/tijelorijeci.com\/copy\/wp-content\/uploads\/2019\/01\/BAJKA-I-POKRET-STARIJI-10-1024x682.jpg 1024w, https:\/\/tijelorijeci.com\/copy\/wp-content\/uploads\/2019\/01\/BAJKA-I-POKRET-STARIJI-10-300x200.jpg 300w, https:\/\/tijelorijeci.com\/copy\/wp-content\/uploads\/2019\/01\/BAJKA-I-POKRET-STARIJI-10-768x512.jpg 768w, https:\/\/tijelorijeci.com\/copy\/wp-content\/uploads\/2019\/01\/BAJKA-I-POKRET-STARIJI-10-1536x1024.jpg 1536w, https:\/\/tijelorijeci.com\/copy\/wp-content\/uploads\/2019\/01\/BAJKA-I-POKRET-STARIJI-10-980x653.jpg 980w, https:\/\/tijelorijeci.com\/copy\/wp-content\/uploads\/2019\/01\/BAJKA-I-POKRET-STARIJI-10.jpg 2000w\" sizes=\"(max-width: 1024px) 100vw, 1024px\" \/><figcaption class=\"blocks-gallery-item__caption\">Radionica 54+, foto Tomislav Vei\u0107<\/figcaption><\/figure><\/li><\/ul><\/figure>\n\n\n\n<h2 class=\"has-text-align-center\"><strong>ZA KOGA<\/strong><\/h2>\n\n\n\n<p><\/p>\n\n\n\n<p class=\"has-text-align-center\"><strong>INDIVIDUALCI<\/strong><\/p>\n\n\n\n<div class=\"wp-block-image\"><figure class=\"alignleft size-large is-resized\"><img loading=\"lazy\" src=\"http:\/\/tijelorijeci.com\/copy\/wp-content\/uploads\/2019\/01\/Tijelo-rije\u010di-44-689x1024.jpg\" alt=\"\" class=\"wp-image-747\" width=\"122\" height=\"181\" srcset=\"https:\/\/tijelorijeci.com\/copy\/wp-content\/uploads\/2019\/01\/Tijelo-rije\u010di-44-689x1024.jpg 689w, https:\/\/tijelorijeci.com\/copy\/wp-content\/uploads\/2019\/01\/Tijelo-rije\u010di-44-202x300.jpg 202w, https:\/\/tijelorijeci.com\/copy\/wp-content\/uploads\/2019\/01\/Tijelo-rije\u010di-44-768x1141.jpg 768w, https:\/\/tijelorijeci.com\/copy\/wp-content\/uploads\/2019\/01\/Tijelo-rije\u010di-44-1034x1536.jpg 1034w, https:\/\/tijelorijeci.com\/copy\/wp-content\/uploads\/2019\/01\/Tijelo-rije\u010di-44-495x735.jpg 495w, https:\/\/tijelorijeci.com\/copy\/wp-content\/uploads\/2019\/01\/Tijelo-rije\u010di-44.jpg 1346w\" sizes=\"(max-width: 122px) 100vw, 122px\" \/><figcaption><sup>Ljiljana Zagorac, foto Mirko Cvjetko<\/sup><\/figcaption><\/figure><\/div>\n\n\n\n<p>TijeloRIJE\u010cI prilago\u0111ene su razli\u010ditim dobnim uzrastima i ranjivim skupinama gra\u0111ana. Od 2015. godine do danas odr\u017eane su radionice s osnov\u0161kolcima, studentima i odraslima. Osobe tre\u0107e \u017eivotne dobi, osobe s tjelesnim invaliditetom te osobe s posebnim potrebama uspje\u0161no su integrirane u stvarala\u010dki proces i njegovu zavr\u0161nu prezentaciju. TijeloRIJE\u010cI namijenjene su osobama koje te\u017ee ka knji\u017eevnom razvitku, ali ne samo kroz pisanje teksta ve\u0107 putem iskustva i rada s tijelom &#8211; pojedinci koji vole eksperimentirati s tijelom na introspektivan na\u010din i skloni su istra\u017eivanju samih sebe. Radionica je za one koji stvarala\u0161tvu pristupaju kao susretu, a \u0161to se manifestira kroz neodvojivost misaonog i tjelesnog te kroz jedinstvo umjetni\u010dkih disciplina.<br>Za sudjelovanje na radionici nije potrebno prethodno plesno niti knji\u017eevno iskustvo.<\/p>\n\n\n\n<p><\/p>\n\n\n\n<p><\/p>\n\n\n\n<p><\/p>\n\n\n\n<p><\/p>\n\n\n\n<p><\/p>\n\n\n\n<p class=\"has-text-align-center\"><strong>UDRUGE\/HUMANITARNE UDRUGE\/DOMOVI ZA STARIJE&#8230;<\/strong><\/p>\n\n\n\n<p><\/p>\n\n\n\n<p><\/p>\n\n\n\n<p><\/p>\n\n\n\n<p><\/p>\n\n\n\n<p class=\"has-text-align-left\">Radionica se organizira u suradnji s razli\u010ditim partnerima, od centara za kulturu preko humanitarnih udruga i domova za starije i nemo\u0107ne do razli\u010ditih festivala, itd. Ako ste u potrazi za novom radionicom koju biste voljeli uklju\u010diti u va\u0161u instituciju, udrugu ili \u010dak firmu (team building), uvijek smo na raspolaganju za suradnju.<\/p>\n\n\n\n<h2 class=\"has-text-align-center\"><\/h2>\n\n\n\n<p><\/p>\n\n\n\n<p><br><\/p>\n","protected":false},"excerpt":{"rendered":"<p>ZA\u0160TO TijeloRIJE\u010cI poti\u010de ma\u0161tovitost kroz tekst i pokret, daje tematski okvir i nudi razli\u010dite na\u010dine stvaranja vlastitog umjetni\u010dkog izraza, nagla\u0161avaju\u0107i povezanost ta dva medija i&hellip;<\/p>\n","protected":false},"author":1,"featured_media":0,"parent":0,"menu_order":0,"comment_status":"closed","ping_status":"closed","template":"","meta":[],"_links":{"self":[{"href":"https:\/\/tijelorijeci.com\/copy\/wp-json\/wp\/v2\/pages\/921"}],"collection":[{"href":"https:\/\/tijelorijeci.com\/copy\/wp-json\/wp\/v2\/pages"}],"about":[{"href":"https:\/\/tijelorijeci.com\/copy\/wp-json\/wp\/v2\/types\/page"}],"author":[{"embeddable":true,"href":"https:\/\/tijelorijeci.com\/copy\/wp-json\/wp\/v2\/users\/1"}],"replies":[{"embeddable":true,"href":"https:\/\/tijelorijeci.com\/copy\/wp-json\/wp\/v2\/comments?post=921"}],"version-history":[{"count":52,"href":"https:\/\/tijelorijeci.com\/copy\/wp-json\/wp\/v2\/pages\/921\/revisions"}],"predecessor-version":[{"id":1486,"href":"https:\/\/tijelorijeci.com\/copy\/wp-json\/wp\/v2\/pages\/921\/revisions\/1486"}],"wp:attachment":[{"href":"https:\/\/tijelorijeci.com\/copy\/wp-json\/wp\/v2\/media?parent=921"}],"curies":[{"name":"wp","href":"https:\/\/api.w.org\/{rel}","templated":true}]}}