{"id":903,"date":"2020-11-10T08:12:22","date_gmt":"2020-11-10T08:12:22","guid":{"rendered":"http:\/\/tijelorijeci.com\/copy\/?page_id=903"},"modified":"2020-11-29T16:05:58","modified_gmt":"2020-11-29T16:05:58","slug":"partneri","status":"publish","type":"page","link":"https:\/\/tijelorijeci.com\/copy\/partneri\/","title":{"rendered":"Partneri"},"content":{"rendered":"\n<p><strong>Festivali \/ manifestacije<\/strong>:<\/p>\n\n\n\n<p><a rel=\"noreferrer noopener\" href=\"http:\/\/www.sedamdanastvaranja.net\/sedam\/index.php\/en\/\" target=\"_blank\">7 DANA STVARANJA <\/a>, Pazin <strong>I<\/strong> <a rel=\"noreferrer noopener\" href=\"https:\/\/www.ogulin.hr\/o-ogulinu\/ogulinski-festival-bajke\/\" target=\"_blank\">OGULINSKI FESTIVAL BAJKE<\/a> <strong>I<\/strong> <a rel=\"noreferrer noopener\" href=\"https:\/\/nocknjige.hr\/\" target=\"_blank\">NO\u0106 KNJIGE<\/a><\/p>\n\n\n\n<div class=\"wp-block-image\"><figure class=\"aligncenter size-large is-resized\"><a href=\"http:\/\/sedamdanastvaranja.net\/\" target=\"_blank\" rel=\"noopener noreferrer\"><img loading=\"lazy\" src=\"http:\/\/tijelorijeci.com\/copy\/wp-content\/uploads\/2020\/11\/7ds.png\" alt=\"\" class=\"wp-image-1160\" width=\"56\" height=\"56\" srcset=\"https:\/\/tijelorijeci.com\/copy\/wp-content\/uploads\/2020\/11\/7ds.png 225w, https:\/\/tijelorijeci.com\/copy\/wp-content\/uploads\/2020\/11\/7ds-150x150.png 150w\" sizes=\"(max-width: 56px) 100vw, 56px\" \/><\/a><\/figure><\/div>\n\n\n\n<p><\/p>\n\n\n\n<div class=\"wp-block-image\"><figure class=\"aligncenter size-large is-resized\"><a href=\"https:\/\/www.ogulin.hr\/o-ogulinu\/ogulinski-festival-bajke\" target=\"_blank\" rel=\"noopener noreferrer\"><img loading=\"lazy\" src=\"http:\/\/tijelorijeci.com\/copy\/wp-content\/uploads\/2020\/11\/pgulin.png\" alt=\"\" class=\"wp-image-1164\" width=\"79\" height=\"60\"\/><\/a><\/figure><\/div>\n\n\n\n<div class=\"wp-block-image\"><figure class=\"aligncenter size-large is-resized\"><a href=\"https:\/\/nocknjige.hr\/\" target=\"_blank\" rel=\"noopener noreferrer\"><img loading=\"lazy\" src=\"http:\/\/tijelorijeci.com\/copy\/wp-content\/uploads\/2020\/11\/noc-knjige.jpg\" alt=\"\" class=\"wp-image-1168\" width=\"80\" height=\"80\" srcset=\"https:\/\/tijelorijeci.com\/copy\/wp-content\/uploads\/2020\/11\/noc-knjige.jpg 180w, https:\/\/tijelorijeci.com\/copy\/wp-content\/uploads\/2020\/11\/noc-knjige-150x150.jpg 150w\" sizes=\"(max-width: 80px) 100vw, 80px\" \/><\/a><\/figure><\/div>\n\n\n\n<p><strong>Muzeji:<\/strong><\/p>\n\n\n\n<p><a rel=\"noreferrer noopener\" href=\"http:\/\/www.msu.hr\/en\/\" target=\"_blank\">MSU<\/a> (Muzej suvremene umjetnosti), Zagreb <strong>I<\/strong> <a rel=\"noreferrer noopener\" href=\"https:\/\/mmsu.hr\/\" target=\"_blank\">MMSU<\/a> (Muzej moderne i suvremene umjetnosti), Rijeka<\/p>\n\n\n\n<div class=\"wp-block-image\"><figure class=\"aligncenter size-large is-resized\"><a href=\"http:\/\/www.msu.hr\/en\/\" target=\"_blank\" rel=\"noopener noreferrer\"><img loading=\"lazy\" src=\"http:\/\/tijelorijeci.com\/copy\/wp-content\/uploads\/2020\/11\/index.jpg\" alt=\"\" class=\"wp-image-1170\" width=\"90\" height=\"46\" srcset=\"https:\/\/tijelorijeci.com\/copy\/wp-content\/uploads\/2020\/11\/index.jpg 315w, https:\/\/tijelorijeci.com\/copy\/wp-content\/uploads\/2020\/11\/index-300x152.jpg 300w\" sizes=\"(max-width: 90px) 100vw, 90px\" \/><\/a><\/figure><\/div>\n\n\n\n<div class=\"wp-block-image\"><figure class=\"aligncenter size-large is-resized\"><a href=\"https:\/\/mmsu.hr\/\" target=\"_blank\" rel=\"noopener noreferrer\"><img loading=\"lazy\" src=\"http:\/\/tijelorijeci.com\/copy\/wp-content\/uploads\/2020\/11\/mmsu.png\" alt=\"\" class=\"wp-image-1171\" width=\"96\" height=\"96\" srcset=\"https:\/\/tijelorijeci.com\/copy\/wp-content\/uploads\/2020\/11\/mmsu.png 160w, https:\/\/tijelorijeci.com\/copy\/wp-content\/uploads\/2020\/11\/mmsu-150x150.png 150w\" sizes=\"(max-width: 96px) 100vw, 96px\" \/><\/a><\/figure><\/div>\n\n\n\n<p><strong>Udruge:<\/strong><br><br><a rel=\"noreferrer noopener\" href=\"https:\/\/hrvatskodrustvopisaca.hr\/\" target=\"_blank\">HDP<\/a> (Hrvatsko dru\u0161tvo pisaca)<strong>I<\/strong> <a rel=\"noreferrer noopener\" href=\"https:\/\/ulupuh.hr\/\" target=\"_blank\">ULUPUH<\/a> (Hrvatska udruga likovnih umjetnika primijenjenih umjetnosti) <strong>I<\/strong> <a rel=\"noreferrer noopener\" href=\"https:\/\/thisisadominoproject.org\/about\/\" target=\"_blank\">DOMINO<\/a> (udruga koja ima za cilj propitivanje tradicionalnih i rad na transformaciji opresivnih normi u tranzicijskom dru\u0161tvu)<\/p>\n\n\n\n<div class=\"wp-block-image\"><figure class=\"aligncenter size-large is-resized\"><a href=\"https:\/\/hrvatskodrustvopisaca.hr\/\" target=\"_blank\" rel=\"noopener noreferrer\"><img loading=\"lazy\" src=\"http:\/\/tijelorijeci.com\/copy\/wp-content\/uploads\/2020\/11\/hdp.jpg\" alt=\"\" class=\"wp-image-1176\" width=\"183\" height=\"65\" srcset=\"https:\/\/tijelorijeci.com\/copy\/wp-content\/uploads\/2020\/11\/hdp.jpg 376w, https:\/\/tijelorijeci.com\/copy\/wp-content\/uploads\/2020\/11\/hdp-300x107.jpg 300w\" sizes=\"(max-width: 183px) 100vw, 183px\" \/><\/a><\/figure><\/div>\n\n\n\n<div class=\"wp-block-image\"><figure class=\"aligncenter size-large is-resized\"><a href=\"https:\/\/ulupuh.hr\/\" target=\"_blank\" rel=\"noopener noreferrer\"><img loading=\"lazy\" src=\"http:\/\/tijelorijeci.com\/copy\/wp-content\/uploads\/2020\/11\/ulupuh.png\" alt=\"\" class=\"wp-image-1175\" width=\"223\" height=\"119\" srcset=\"https:\/\/tijelorijeci.com\/copy\/wp-content\/uploads\/2020\/11\/ulupuh.png 308w, https:\/\/tijelorijeci.com\/copy\/wp-content\/uploads\/2020\/11\/ulupuh-300x160.png 300w\" sizes=\"(max-width: 223px) 100vw, 223px\" \/><\/a><\/figure><\/div>\n\n\n\n<div class=\"wp-block-image\"><figure class=\"aligncenter size-large is-resized\"><a href=\"https:\/\/thisisadominoproject.org\/about\/\" target=\"_blank\" rel=\"noopener noreferrer\"><img loading=\"lazy\" src=\"http:\/\/tijelorijeci.com\/copy\/wp-content\/uploads\/2020\/11\/domino.png\" alt=\"\" class=\"wp-image-1177\" width=\"147\" height=\"28\" srcset=\"https:\/\/tijelorijeci.com\/copy\/wp-content\/uploads\/2020\/11\/domino.png 513w, https:\/\/tijelorijeci.com\/copy\/wp-content\/uploads\/2020\/11\/domino-300x57.png 300w\" sizes=\"(max-width: 147px) 100vw, 147px\" \/><\/a><\/figure><\/div>\n\n\n\n<p><\/p>\n\n\n\n<p><\/p>\n\n\n\n<p><strong>Izdava\u010dke ku\u0107e:<\/strong><\/p>\n\n\n\n<p><br><a rel=\"noreferrer noopener\" href=\"https:\/\/fraktura.hr\/\" target=\"_blank\">FRAKTURA<\/a><\/p>\n\n\n\n<div class=\"wp-block-image\"><figure class=\"aligncenter size-large is-resized\"><a href=\"https:\/\/fraktura.hr\/\" target=\"_blank\" rel=\"noopener noreferrer\"><img loading=\"lazy\" src=\"http:\/\/tijelorijeci.com\/copy\/wp-content\/uploads\/2020\/11\/frakturaz.jpg\" alt=\"\" class=\"wp-image-1182\" width=\"116\" height=\"116\" srcset=\"https:\/\/tijelorijeci.com\/copy\/wp-content\/uploads\/2020\/11\/frakturaz.jpg 225w, https:\/\/tijelorijeci.com\/copy\/wp-content\/uploads\/2020\/11\/frakturaz-150x150.jpg 150w\" sizes=\"(max-width: 116px) 100vw, 116px\" \/><\/a><\/figure><\/div>\n\n\n\n<p><\/p>\n\n\n\n<p><strong>Kulturni centri:<\/strong><\/p>\n\n\n\n<p><a rel=\"noreferrer noopener\" href=\"http:\/\/www.knap.hr\/\" target=\"_blank\">KNAP<\/a> (Centar kulture na Pe\u0161\u0107enici) <strong>I<\/strong> <a rel=\"noreferrer noopener\" href=\"https:\/\/kuctravno.hr\/\" target=\"_blank\">KUC TRAVNO<\/a> (Kulturni centar Travno)<\/p>\n\n\n\n<div class=\"wp-block-image\"><figure class=\"aligncenter size-large is-resized\"><a href=\"http:\/\/www.knap.hr\/\" target=\"_blank\" rel=\"noopener noreferrer\"><img loading=\"lazy\" src=\"http:\/\/tijelorijeci.com\/copy\/wp-content\/uploads\/2020\/11\/knap-logo.png\" alt=\"\" class=\"wp-image-1185\" width=\"104\" height=\"64\"\/><\/a><\/figure><\/div>\n\n\n\n<div class=\"wp-block-image\"><figure class=\"aligncenter size-large is-resized\"><a href=\"https:\/\/kuctravno.hr\/\" target=\"_blank\" rel=\"noopener noreferrer\"><img loading=\"lazy\" src=\"http:\/\/tijelorijeci.com\/copy\/wp-content\/uploads\/2020\/11\/kuc-travno.png\" alt=\"\" class=\"wp-image-1186\" width=\"108\" height=\"32\" srcset=\"https:\/\/tijelorijeci.com\/copy\/wp-content\/uploads\/2020\/11\/kuc-travno.png 412w, https:\/\/tijelorijeci.com\/copy\/wp-content\/uploads\/2020\/11\/kuc-travno-300x89.png 300w\" sizes=\"(max-width: 108px) 100vw, 108px\" \/><\/a><\/figure><\/div>\n\n\n\n<p><\/p>\n\n\n\n<p><strong>Humanitarne udruge:<\/strong><br><br><a rel=\"noreferrer noopener\" href=\"https:\/\/ckzg.hr\/en\/solidarity-store\/\" target=\"_blank\">Crveni kri\u017e Grada Zagreba<\/a><\/p>\n\n\n\n<div class=\"wp-block-image\"><figure class=\"aligncenter size-large is-resized\"><a href=\"https:\/\/ckzg.hr\/en\/solidarity-store\/\" target=\"_blank\" rel=\"noopener noreferrer\"><img loading=\"lazy\" src=\"http:\/\/tijelorijeci.com\/copy\/wp-content\/uploads\/2020\/11\/HCK-logo-horizontalni.jpg\" alt=\"\" class=\"wp-image-1194\" width=\"134\" height=\"21\" srcset=\"https:\/\/tijelorijeci.com\/copy\/wp-content\/uploads\/2020\/11\/HCK-logo-horizontalni.jpg 1024w, https:\/\/tijelorijeci.com\/copy\/wp-content\/uploads\/2020\/11\/HCK-logo-horizontalni-300x47.jpg 300w, https:\/\/tijelorijeci.com\/copy\/wp-content\/uploads\/2020\/11\/HCK-logo-horizontalni-768x121.jpg 768w, https:\/\/tijelorijeci.com\/copy\/wp-content\/uploads\/2020\/11\/HCK-logo-horizontalni-980x154.jpg 980w\" sizes=\"(max-width: 134px) 100vw, 134px\" \/><\/a><\/figure><\/div>\n\n\n\n<p><\/p>\n\n\n\n<p><strong>Domovi za starije i nemo\u0107ne:<\/strong><\/p>\n\n\n\n<p><a rel=\"noreferrer noopener\" href=\"https:\/\/dom-medvescak.hr\/\" target=\"_blank\">Dom za starije i nemo\u0107ne Medve\u0161\u0107ak<\/a> <strong>I <\/strong><a rel=\"noreferrer noopener\" href=\"https:\/\/www.dom-pescenica.hr\/\" target=\"_blank\">Dom za starije i nemo\u0107ne Pe\u0161\u0107enica<\/a><\/p>\n\n\n\n<div class=\"wp-block-image\"><figure class=\"aligncenter size-large is-resized\"><a href=\"https:\/\/dom-medvescak.hr\/\" target=\"_blank\" rel=\"noopener noreferrer\"><img loading=\"lazy\" src=\"http:\/\/tijelorijeci.com\/copy\/wp-content\/uploads\/2020\/11\/dom-medvescak.gif\" alt=\"\" class=\"wp-image-1195\" width=\"137\" height=\"26\"\/><\/a><\/figure><\/div>\n\n\n\n<div class=\"wp-block-image\"><figure class=\"aligncenter size-large is-resized\"><a href=\"https:\/\/www.dom-pescenica.hr\/\" target=\"_blank\" rel=\"noopener noreferrer\"><img loading=\"lazy\" src=\"http:\/\/tijelorijeci.com\/copy\/wp-content\/uploads\/2020\/11\/Logo_Dom_Pescenica.png\" alt=\"\" class=\"wp-image-1196\" width=\"132\" height=\"49\"\/><\/a><\/figure><\/div>\n\n\n\n<p><\/p>\n\n\n\n<p><strong>Potpora:<\/strong><\/p>\n\n\n\n<p><a rel=\"noreferrer noopener\" href=\"https:\/\/www.facebook.com\/sukultura\/\" target=\"_blank\">Sukultura<\/a><\/p>\n\n\n\n<div class=\"wp-block-image\"><figure class=\"aligncenter size-large is-resized\"><a href=\"https:\/\/www.facebook.com\/sukultura\/\" target=\"_blank\" rel=\"noopener noreferrer\"><img loading=\"lazy\" src=\"http:\/\/tijelorijeci.com\/copy\/wp-content\/uploads\/2020\/11\/sukultura.png\" alt=\"\" class=\"wp-image-1202\" width=\"123\" height=\"42\" srcset=\"https:\/\/tijelorijeci.com\/copy\/wp-content\/uploads\/2020\/11\/sukultura.png 383w, https:\/\/tijelorijeci.com\/copy\/wp-content\/uploads\/2020\/11\/sukultura-300x103.png 300w\" sizes=\"(max-width: 123px) 100vw, 123px\" \/><\/a><\/figure><\/div>\n\n\n\n<p><\/p>\n\n\n\n<p><a rel=\"noreferrer noopener\" href=\"http:\/\/www.esf.hr\/\" target=\"_blank\">Europski socijalni fond<\/a><\/p>\n\n\n\n<div class=\"wp-block-image\"><figure class=\"aligncenter size-large is-resized\"><a href=\"http:\/\/www.esf.hr\/\" target=\"_blank\" rel=\"noopener noreferrer\"><img loading=\"lazy\" src=\"http:\/\/tijelorijeci.com\/copy\/wp-content\/uploads\/2020\/11\/esf.jpg\" alt=\"\" class=\"wp-image-1203\" width=\"163\" height=\"181\"\/><\/a><\/figure><\/div>\n\n\n\n<p><a rel=\"noreferrer noopener\" href=\"https:\/\/min-kulture.gov.hr\/\" target=\"_blank\">Ministarstvo kulture Republike Hrvatske<\/a><\/p>\n\n\n\n<div class=\"wp-block-image\"><figure class=\"aligncenter size-large is-resized\"><a href=\"https:\/\/min-kulture.gov.hr\/\" target=\"_blank\" rel=\"noopener noreferrer\"><img loading=\"lazy\" src=\"http:\/\/tijelorijeci.com\/copy\/wp-content\/uploads\/2020\/11\/mkm.jpg\" alt=\"\" class=\"wp-image-1205\" width=\"155\" height=\"46\" srcset=\"https:\/\/tijelorijeci.com\/copy\/wp-content\/uploads\/2020\/11\/mkm.jpg 352w, https:\/\/tijelorijeci.com\/copy\/wp-content\/uploads\/2020\/11\/mkm-300x89.jpg 300w\" sizes=\"(max-width: 155px) 100vw, 155px\" \/><\/a><\/figure><\/div>\n\n\n\n<p><\/p>\n\n\n\n<p><a rel=\"noreferrer noopener\" href=\"https:\/\/www.zagreb.hr\/\" target=\"_blank\">Ured za kulturu Grada Zagreba<\/a><\/p>\n\n\n\n<div class=\"wp-block-image\"><figure class=\"aligncenter size-large is-resized\"><a href=\"https:\/\/www.zagreb.hr\/\" target=\"_blank\" rel=\"noopener noreferrer\"><img loading=\"lazy\" src=\"http:\/\/tijelorijeci.com\/copy\/wp-content\/uploads\/2020\/11\/grad-zagreb.png\" alt=\"\" class=\"wp-image-1206\" width=\"66\" height=\"81\"\/><\/a><\/figure><\/div>\n\n\n\n<p><\/p>\n\n\n\n<p><a rel=\"noreferrer noopener\" href=\"https:\/\/www.pazin.hr\/\" target=\"_blank\">Grad Pazin<\/a><\/p>\n\n\n\n<div class=\"wp-block-image\"><figure class=\"aligncenter size-large is-resized\"><a href=\"https:\/\/www.pazin.hr\/\" target=\"_blank\" rel=\"noopener noreferrer\"><img loading=\"lazy\" src=\"http:\/\/tijelorijeci.com\/copy\/wp-content\/uploads\/2020\/11\/pazin.jpg\" alt=\"\" class=\"wp-image-1207\" width=\"75\" height=\"75\" srcset=\"https:\/\/tijelorijeci.com\/copy\/wp-content\/uploads\/2020\/11\/pazin.jpg 225w, https:\/\/tijelorijeci.com\/copy\/wp-content\/uploads\/2020\/11\/pazin-150x150.jpg 150w\" sizes=\"(max-width: 75px) 100vw, 75px\" \/><\/a><\/figure><\/div>\n\n\n\n<p><\/p>\n\n\n\n<p><a href=\"https:\/\/www.istra-istria.hr\/en\/region-of-istria\/home\/\" data-type=\"URL\" data-id=\"https:\/\/www.istra-istria.hr\/en\/region-of-istria\/home\/\" target=\"_blank\" rel=\"noreferrer noopener\">Istarska \u017eupanija<\/a><\/p>\n\n\n\n<div class=\"wp-block-image\"><figure class=\"aligncenter size-large is-resized\"><a href=\"https:\/\/www.istra-istria.hr\/en\/region-of-istria\/home\/\" target=\"_blank\" rel=\"noopener noreferrer\"><img loading=\"lazy\" src=\"http:\/\/tijelorijeci.com\/copy\/wp-content\/uploads\/2020\/11\/istra.png\" alt=\"\" class=\"wp-image-1208\" width=\"75\" height=\"87\"\/><\/a><\/figure><\/div>\n\n\n\n<p><\/p>\n","protected":false},"excerpt":{"rendered":"<p>Festivali \/ manifestacije: 7 DANA STVARANJA , Pazin I OGULINSKI FESTIVAL BAJKE I NO\u0106 KNJIGE Muzeji: MSU (Muzej suvremene umjetnosti), Zagreb I MMSU (Muzej moderne&hellip;<\/p>\n","protected":false},"author":1,"featured_media":1016,"parent":0,"menu_order":0,"comment_status":"closed","ping_status":"closed","template":"","meta":[],"_links":{"self":[{"href":"https:\/\/tijelorijeci.com\/copy\/wp-json\/wp\/v2\/pages\/903"}],"collection":[{"href":"https:\/\/tijelorijeci.com\/copy\/wp-json\/wp\/v2\/pages"}],"about":[{"href":"https:\/\/tijelorijeci.com\/copy\/wp-json\/wp\/v2\/types\/page"}],"author":[{"embeddable":true,"href":"https:\/\/tijelorijeci.com\/copy\/wp-json\/wp\/v2\/users\/1"}],"replies":[{"embeddable":true,"href":"https:\/\/tijelorijeci.com\/copy\/wp-json\/wp\/v2\/comments?post=903"}],"version-history":[{"count":35,"href":"https:\/\/tijelorijeci.com\/copy\/wp-json\/wp\/v2\/pages\/903\/revisions"}],"predecessor-version":[{"id":1211,"href":"https:\/\/tijelorijeci.com\/copy\/wp-json\/wp\/v2\/pages\/903\/revisions\/1211"}],"wp:featuredmedia":[{"embeddable":true,"href":"https:\/\/tijelorijeci.com\/copy\/wp-json\/wp\/v2\/media\/1016"}],"wp:attachment":[{"href":"https:\/\/tijelorijeci.com\/copy\/wp-json\/wp\/v2\/media?parent=903"}],"curies":[{"name":"wp","href":"https:\/\/api.w.org\/{rel}","templated":true}]}}